{"id":467,"date":"2023-10-05T20:59:37","date_gmt":"2023-10-05T20:59:37","guid":{"rendered":"https:\/\/ilf.cricp.org.uk\/?page_id=467"},"modified":"2024-06-12T17:08:12","modified_gmt":"2024-06-12T17:08:12","slug":"links","status":"publish","type":"page","link":"https:\/\/ilf.cricp.org.uk\/?page_id=467","title":{"rendered":"Links"},"content":{"rendered":"\n<p><a href=\"https:\/\/lympho.org\" target=\"_blank\" rel=\"noreferrer noopener\">International Lymphoedema Framework<\/a> &#8211; our parent organisation on which much more information may be found about us and lymph\u0153dema. In particular we would direct you to the pages about the children&#8217;s project: <\/p>\n\n\n\n<p><a href=\"https:\/\/www.lympho.org\/childrens-project\/\" target=\"_blank\" rel=\"noreferrer noopener\">Children&#8217;s Project &#8211; International Lymphoedema Framework<\/a><\/p>\n\n\n\n<p>We are not responsible for the content of external sites, but we list some of them here in the hope that you will find them helpful.<\/p>\n\n\n\n<ul class=\"wp-block-list\">\n<li>List of links to be added here &#8211; ordering to be changed<\/li>\n\n\n\n<li><strong>Association Vivre Mieux le Lymphedema <\/strong>\n<ul class=\"wp-block-list\">\n<li> <a href=\"https:\/\/avml.fr\/\" target=\"_blank\" rel=\"noreferrer noopener\"><img decoding=\"async\" style=\"width: 40px;\" src=\"https:\/\/avml.fr\/wp-content\/uploads\/logo-texte-TAILLE-MOYEN.jpg\"><\/a> <a href=\"https:\/\/avml.fr\/\" target=\"_blank\" rel=\"noreferrer noopener\">https:\/\/avml.fr\/<\/a><\/li>\n\n\n\n<li>Cette association a pour but de faire reconna\u00eetre le handicap du lymph\u0153d\u00e8me et ses cons\u00e9quences dans la vie quotidienne en informant le patient, les th\u00e9rapeutes et les pouvoirs publics, pour une meilleure prise en charge de la pathologie.<\/li>\n<\/ul>\n<\/li>\n\n\n\n<li><strong>Partenariat Fran\u00e7ais du Lymphoed\u00e8me<\/strong> \n<ul class=\"wp-block-list\">\n<li><a href=\"https:\/\/lympho.fr\/\" target=\"_blank\" rel=\"noreferrer noopener\"><img decoding=\"async\" style=\"width: 150px;\" src=\"https:\/\/lympho.fr\/images\/logo.png\"><\/a> <a href=\"https:\/\/lympho.fr\/\" target=\"_blank\" rel=\"noreferrer noopener\">https:\/\/lympho.fr\/<\/a><\/li>\n\n\n\n<li>Notre objectif est d\u2019accompagner et de soutenir les patients atteints de lymph\u0153d\u00e8me.<\/li>\n<\/ul>\n<\/li>\n\n\n\n<li><strong>The British Lymphology Society<\/strong> \n<ul class=\"wp-block-list\">\n<li><img decoding=\"async\" style=\"width: 40px;\" src=\"https:\/\/ilf.cricp.org.uk\/wp-content\/uploads\/2024\/04\/bls_lg.jpg\"> <a href=\"http:\/\/thebls.com\" data-type=\"link\" data-id=\"thebls.com\" target=\"_blank\" rel=\"noreferrer noopener\">thebls.com<\/a> <\/li>\n\n\n\n<li>The British Lymphology Society is a dynamic and innovative body providing a strong professional voice and support for those involved in the care and treatment of people with lymphoedema and related lymphatic disorders, including lipoedema.<\/li>\n<\/ul>\n<\/li>\n\n\n\n<li><strong>VASCERN<\/strong>\n<ul class=\"wp-block-list\">\n<li> <img decoding=\"async\" style=\"width: 40px;\" src=\"https:\/\/ilf.cricp.org.uk\/wp-content\/uploads\/2024\/06\/vascern_lg.jpg\"><a href=\"https:\/\/vascern.eu\/\" target=\"_blank\" rel=\"noreferrer noopener\">https:\/\/vascern.eu\/<\/a><\/li>\n\n\n\n<li>The European Reference Network for Rare Multisystemic Vascular Diseases is dedicated to improving the lives of patients with rare vascular diseases across Europe.<\/li>\n<\/ul>\n<\/li>\n\n\n\n<li><strong>Lymphie Stong<\/strong>  \n<ul class=\"wp-block-list\">\n<li> <img decoding=\"async\" style=\"width: 50px;\" src=\"https:\/\/ilf.cricp.org.uk\/wp-content\/uploads\/2024\/06\/lymphiestrong_lg.jpg\"> <a href=\"http:\/\/lymphiestrong.com\" data-type=\"link\" data-id=\"lymphiestrong.com\" target=\"_blank\" rel=\"noreferrer noopener\">lymphiestrong.com<\/a><\/li>\n\n\n\n<li>Lymphie Strong is an online resource for people with lymph\u0153dema by people with lymph\u0153dema<\/li>\n<\/ul>\n<\/li>\n\n\n\n<li><strong>Lymphido<\/strong> \n<ul class=\"wp-block-list\">\n<li> <img decoding=\"async\" style=\"width: 150px;\" src=\"https:\/\/ilf.cricp.org.uk\/wp-content\/uploads\/2024\/06\/logo-esteso-1024x2281-1.png\"> <a href=\"https:\/\/lymphido.it\" target=\"_blank\" rel=\"noreferrer noopener\">https:\/\/lymphido.it<\/a><\/li>\n\n\n\n<li>Associazione di volontariato per i pazienti di linfedema primario<\/li>\n\n\n\n<li>Italian patient association for p\u00e6diatric\/primary lymph\u0153dema<\/li>\n<\/ul>\n<\/li>\n\n\n\n<li><strong>Children\u2019s Hospital Colorado<\/strong>\n<ul class=\"wp-block-list\">\n<li><img decoding=\"async\" style=\"width: 50px;\" src=\"https:\/\/ilf.cricp.org.uk\/wp-content\/uploads\/2020\/07\/cch_lg.jpg\"><a href=\"https:\/\/www.childrenscolorado.org\" target=\"_blank\" rel=\"noreferrer noopener\"> https:\/\/www.childrenscolorado.org<\/a><\/li>\n<\/ul>\n<\/li>\n\n\n\n<li><strong>FAVA<\/strong> \n<ul class=\"wp-block-list\">\n<li><img decoding=\"async\" style=\"width: 50px;\" src=\"https:\/\/ilf.cricp.org.uk\/wp-content\/uploads\/2024\/06\/fava_lg.jpg\"> <a href=\"http:\/\/www.favamulti.fr\" target=\"_blank\" rel=\"noreferrer noopener\">http:\/\/www.favamulti.fr<\/a><\/li>\n\n\n\n<li>La fili\u00e8re de sant\u00e9 des maladies vasculaires rares \u00e0 atteintes multisyst\u00e9miques<\/li>\n<\/ul>\n<\/li>\n\n\n\n<li><strong>LE&amp;RN<\/strong>\n<ul class=\"wp-block-list\">\n<li><img decoding=\"async\" style=\"width: 50px;\" src=\"https:\/\/ilf.cricp.org.uk\/wp-content\/uploads\/2024\/06\/learn_lg.jpg\"> <a href=\"http:\/\/lymphaticnetwork.org\" data-type=\"link\" data-id=\"lymphaticnetwork.org\" target=\"_blank\" rel=\"noreferrer noopener\">lymphaticnetwork.org<\/a><\/li>\n\n\n\n<li>The Lymphatic Education &amp; Research Network<\/li>\n<\/ul>\n<\/li>\n\n\n\n<li><strong>HEAL<\/strong>\n<ul class=\"wp-block-list\">\n<li><img decoding=\"async\" style=\"width: 50px;\" src=\"https:\/\/ilf.cricp.org.uk\/wp-content\/uploads\/2024\/06\/heal_lg.jpg\"><a href=\"https:\/\/www.healequine.com\/\" target=\"_blank\" rel=\"noreferrer noopener\">https:\/\/www.healequine.com\/<\/a><\/li>\n\n\n\n<li>Holistic Equine Academy of Lymphedema<\/li>\n<\/ul>\n<\/li>\n\n\n\n<li><strong>Svenska \u00d6denf\u00f6rbundet<\/strong>\n<ul class=\"wp-block-list\">\n<li><img decoding=\"async\" style=\"width: 50px;\" src=\"https:\/\/ilf.cricp.org.uk\/wp-content\/uploads\/2024\/06\/sof_lg.jpg\"> <a href=\"https:\/\/www.svenskaodemforbundet.se\" target=\"_blank\" rel=\"noreferrer noopener\">https:\/\/www.svenskaodemforbundet.se<\/a><\/li>\n\n\n\n<li><a href=\"https:\/\/svenskaodemforbundet.se\/produkt\/stora-boken-om-lymfodem\/\" target=\"_blank\" rel=\"noreferrer noopener\">Stora boken om Lymf\u00f6dem<\/a> (also in English &#8211; LSN)<\/li>\n\n\n\n<li>Sveriges patient- och intressef\u00f6rening f\u00f6r personer med kroniska \u00f6dem.<\/li>\n<\/ul>\n<\/li>\n\n\n\n<li><strong>Brylan&#8217;s Feat Foundation<\/strong> \n<ul class=\"wp-block-list\">\n<li><img loading=\"lazy\" decoding=\"async\" width=\"50\" height=\"33\" class=\"wp-image-1184\" style=\"width: 50px;\" src=\"https:\/\/ilf.cricp.org.uk\/wp-content\/uploads\/2024\/06\/BrylansFeat_Logo_FINAL1.png\" alt=\"\" srcset=\"https:\/\/ilf.cricp.org.uk\/wp-content\/uploads\/2024\/06\/BrylansFeat_Logo_FINAL1.png 1500w, https:\/\/ilf.cricp.org.uk\/wp-content\/uploads\/2024\/06\/BrylansFeat_Logo_FINAL1-300x196.png 300w, https:\/\/ilf.cricp.org.uk\/wp-content\/uploads\/2024\/06\/BrylansFeat_Logo_FINAL1-1024x670.png 1024w, https:\/\/ilf.cricp.org.uk\/wp-content\/uploads\/2024\/06\/BrylansFeat_Logo_FINAL1-768x502.png 768w\" sizes=\"auto, (max-width: 50px) 100vw, 50px\" \/> <a href=\"http:\/\/brylansfeat.org\" data-type=\"link\" data-id=\"brylansfeat.org\" target=\"_blank\" rel=\"noreferrer noopener\">brylansfeat.org<\/a><\/li>\n\n\n\n<li>American p\u00e6diatric patient association<\/li>\n<\/ul>\n<\/li>\n\n\n\n<li><strong>Netzwerk f\u00fcr betroffene Familien, \u00c4rzte und Therapeuten<\/strong>\n<ul class=\"wp-block-list\">\n<li><img loading=\"lazy\" decoding=\"async\" width=\"50\" height=\"25\" class=\"wp-image-1187\" style=\"width: 50px;\" src=\"https:\/\/ilf.cricp.org.uk\/wp-content\/uploads\/2024\/06\/cropped-cropped-img_2983-1-21.jpg\" alt=\"\" srcset=\"https:\/\/ilf.cricp.org.uk\/wp-content\/uploads\/2024\/06\/cropped-cropped-img_2983-1-21.jpg 599w, https:\/\/ilf.cricp.org.uk\/wp-content\/uploads\/2024\/06\/cropped-cropped-img_2983-1-21-300x150.jpg 300w\" sizes=\"auto, (max-width: 50px) 100vw, 50px\" \/> <a href=\"https:\/\/kif11kids.com\/\" target=\"_blank\" rel=\"noreferrer noopener\">https:\/\/kif11kids.com\/<\/a> <\/li>\n\n\n\n<li>KIF11 Kids e.V. German patient association for Kif11 children<\/li>\n<\/ul>\n<\/li>\n\n\n\n<li><strong>Home<\/strong> \n<ul class=\"wp-block-list\">\n<li><a href=\"http:\/\/lwocommunity4families.com\" data-type=\"link\" data-id=\"lwocommunity4families.com\" target=\"_blank\" rel=\"noreferrer noopener\">lwocommunity4families.com<\/a><\/li>\n\n\n\n<li>English dedicated website for children\/families<\/li>\n<\/ul>\n<\/li>\n\n\n\n<li><strong>Lymph\u0153dema Support Network<\/strong> \n<ul class=\"wp-block-list\">\n<li><img loading=\"lazy\" decoding=\"async\" width=\"50\" height=\"41\" class=\"wp-image-1188\" style=\"width: 50px;\" src=\"https:\/\/ilf.cricp.org.uk\/wp-content\/uploads\/2024\/06\/lsn_logo_3001.png\" alt=\"\"> <\/li>\n\n\n\n<li><a href=\"https:\/\/www.lymphoedema.org\/childhood-lymphoedema\/clsig-childrens-charter\/\" target=\"_blank\" rel=\"noreferrer noopener\">CLSIG Children\u2019s Charter<\/a><\/li>\n\n\n\n<li><a href=\"https:\/\/www.lymphoedema.org\/wp-content\/uploads\/2020\/01\/st_georges_paediatric_investigation_tool_for_patients_with_primary_lymphoedema.pdf\" target=\"_blank\" rel=\"noreferrer noopener\">St George&#8217;s p\u00e6diatric investigation tool for patients with primary lymph\u0153dema.pdf<\/a><\/li>\n\n\n\n<li><a href=\"https:\/\/www.lymphoedema.org\/childhood-lymphoedema\/big-book-of-lymphoedema\/\" target=\"_blank\" rel=\"noreferrer noopener\">Big Book of Lymph\u0153dema<\/a> for children (also in Swedish Svenska \u00d6denf\u00f6rbundet)<\/li>\n<\/ul>\n<\/li>\n\n\n\n<li><strong>British Medical Journal<\/strong> \n<ul class=\"wp-block-list\">\n<li><img loading=\"lazy\" decoding=\"async\" width=\"60\" height=\"22\" class=\"wp-image-1190\" style=\"width: 60px;\" src=\"https:\/\/ilf.cricp.org.uk\/wp-content\/uploads\/2024\/06\/thebmj-logo-large.png\" alt=\"\"> <a href=\"http:\/\/bmj.com\" data-type=\"link\" data-id=\"bmj.com\" target=\"_blank\" rel=\"noreferrer noopener\">bmj.com<\/a><\/li>\n\n\n\n<li>Update and audit of the St George\u2019s classification algorithm of primary lymphatic anomalies: a clinical and molecular approach to diagnosis &#8211; <a href=\"https:\/\/jmg.bmj.com\/content\/57\/10\/653\" target=\"_blank\" rel=\"noreferrer noopener\">Journal of Medical Genetics<\/a><\/li>\n<\/ul>\n<\/li>\n\n\n\n<li>Jo Rising Foundation\n<ul class=\"wp-block-list\">\n<li><img loading=\"lazy\" decoding=\"async\" width=\"50\" height=\"33\" class=\"wp-image-1218\" style=\"width: 50px;\" src=\"https:\/\/ilf.cricp.org.uk\/wp-content\/uploads\/2024\/06\/PNG20Logo1.png\" alt=\"\"><a href=\"https:\/\/www.jorising.org\/\" target=\"_blank\" rel=\"noreferrer noopener\">https:\/\/www.jorising.org\/<\/a><\/li>\n\n\n\n<li>Raising awareness in the community, advocacy of lymph\u0153dema in the medical community and to provide shoes for children affected by the disease.<\/li>\n<\/ul>\n<\/li>\n\n\n\n<li style='display:none;'>Fast&#8217;n Go <img decoding=\"async\" style=\"width: 150px;\" src=\"https:\/\/ilf.cricp.org.uk\/wp-content\/uploads\/2024\/06\/Logo_CMJN_Fastngo1-1024x267.jpg\"> <a href=\"https:\/\/www.fastngo.care\/\">https:\/\/www.fastngo.care\/<\/a><\/li>\n<\/ul>\n\n\n\n<p><strong>Our policy<\/strong><\/p>\n\n\n\n<p>In providing the links above we have been guided by the following principles: <\/p>\n\n\n\n<ul class=\"wp-block-list\">\n<li>Accuracy<br>Lymph\u0153dema is a complex condition and associated with many co-morbidities. Our understanding of the underlying causes is not complete, and the comparative efficacies of the treatments presently available not yet exhaustively nor comprehensively studied. With this in mind the accuracy of information available in any forum, including this one will limited by our present understanding, and may change as research progresses.  <\/li>\n\n\n\n<li>Impartiality and Diversity of Opinion<br>The limited understanding of lymph\u0153dema to which we have alluded necessarily means that whilst there may be some general agreement, perhaps even a consensus, there may be those who take a different view or have a different understanding than we on this site, We are aware that a lack of knowledge is incomplete knowledge and without full knowledge we cannot with full assurance say that those with whom we would not agree are wrong, though we believe that they are, therefore in the interests of impartiality and presenting a diversity of opinions, you may find that the links contain some views with which we do not agree.  <\/li>\n\n\n\n<li>Harm and Offence<br>We do not intend to provide links to sites which intentionally use language or promote activities which would cause harm or offence. This must be understood in the context of the Hippocratic oath: Do no harm. Surgery, which may be mentioned in links, is in the first instance harmful, but is performed with the intention of doing good to and for the patient. <\/li>\n\n\n\n<li>Re-use and Reversioning<br>We may have provided a link to an external site rather than reproducing the same material on our site. Where this has taken place, it is likely that there will other links elsewhere in our pages to that site. These sites are noted in the list above. <\/li>\n\n\n\n<li>Independence from External Interests<br>In order to maintain our independence from external interests, whilst we are prepared to accept grants, these grants must be unconditional donations to provide for the maintenance of the site. Any surplus arising will be held by the ILF for future costs whilst this site exists or the general purposes of the ILF who underwrite the costs of the site should the site close. We will not provide links to market places for the purchase or sale of commercial products. <\/li>\n\n\n\n<li>External Relationships and Financing<br>We have not received any payment for the inclusion of any of the links provided here. Where we have received funding, the organisations who have provided that funding will be found listed on our sponsors&#8217; page. Exceptionally, if a link has have been provided here to a page the owner of which subsequently becomes a sponsor, that fact will be noted on this page, if we consider that it is still appropriate to include the link here. <\/li>\n<\/ul>\n\n\n\n<p>The presence of a link to an external site on this page does not mean that we agree with or endorse the views expressed on that external site. <\/p>\n\n\n\n<p>If you find the material on any of the linked sites which you believe is unhelpful, inaccurate or misleading then the proper place for speaking about that is with the editors of that site and not with us as we are not responsible for the content of those sites. The discussion about their content should be on their site not ours. If you wish to draw this to our attention then please use the contact form here to do so. It may be that we need to address the issue you raise here in an appropriate way. <\/p>\n\n\n\n<p><\/p>\n","protected":false},"excerpt":{"rendered":"<p>International Lymphoedema Framework &#8211; our parent organisation on which much more information may be found about us and lymph\u0153dema. In particular we would direct you to the pages about the children&#8217;s project: Children&#8217;s Project &#8211; International Lymphoedema Framework We are not responsible for the content of external sites, but we list some of them here [&hellip;]<\/p>\n","protected":false},"author":21,"featured_media":0,"parent":18,"menu_order":6,"comment_status":"open","ping_status":"closed","template":"","meta":{"footnotes":""},"class_list":["post-467","page","type-page","status-publish","hentry"],"_links":{"self":[{"href":"https:\/\/ilf.cricp.org.uk\/index.php?rest_route=\/wp\/v2\/pages\/467","targetHints":{"allow":["GET"]}}],"collection":[{"href":"https:\/\/ilf.cricp.org.uk\/index.php?rest_route=\/wp\/v2\/pages"}],"about":[{"href":"https:\/\/ilf.cricp.org.uk\/index.php?rest_route=\/wp\/v2\/types\/page"}],"author":[{"embeddable":true,"href":"https:\/\/ilf.cricp.org.uk\/index.php?rest_route=\/wp\/v2\/users\/21"}],"replies":[{"embeddable":true,"href":"https:\/\/ilf.cricp.org.uk\/index.php?rest_route=%2Fwp%2Fv2%2Fcomments&post=467"}],"version-history":[{"count":29,"href":"https:\/\/ilf.cricp.org.uk\/index.php?rest_route=\/wp\/v2\/pages\/467\/revisions"}],"predecessor-version":[{"id":1220,"href":"https:\/\/ilf.cricp.org.uk\/index.php?rest_route=\/wp\/v2\/pages\/467\/revisions\/1220"}],"up":[{"embeddable":true,"href":"https:\/\/ilf.cricp.org.uk\/index.php?rest_route=\/wp\/v2\/pages\/18"}],"wp:attachment":[{"href":"https:\/\/ilf.cricp.org.uk\/index.php?rest_route=%2Fwp%2Fv2%2Fmedia&parent=467"}],"curies":[{"name":"wp","href":"https:\/\/api.w.org\/{rel}","templated":true}]}}